{"id":119,"date":"2024-02-19T12:54:00","date_gmt":"2024-02-19T11:54:00","guid":{"rendered":"https:\/\/www.elprovencio.com\/turismo\/?page_id=119"},"modified":"2024-03-20T00:22:35","modified_gmt":"2024-03-19T23:22:35","slug":"agenda","status":"publish","type":"page","link":"https:\/\/www.elprovencio.com\/turismo\/agenda\/","title":{"rendered":"Agenda"},"content":{"rendered":"<p>Planifica tu visita a El Provencio y participa en las magn\u00edficas actividades que tenemos preparadas.<\/p>\n<style type='text\/css' media='all'>#rt-tpg-container-2584892390 .rt-holder .rt-woo-info .price{color:#0367bf;}body .rt-tpg-container .rt-tpg-isotope-buttons .selected,\n\t\t\t\t\t#rt-tpg-container-2584892390 .layout12 .rt-holder:hover .rt-detail,\n\t\t\t\t\t#rt-tpg-container-2584892390 .isotope8 .rt-holder:hover .rt-detail,\n\t\t\t\t\t#rt-tpg-container-2584892390 .carousel8 .rt-holder:hover .rt-detail,\n\t\t\t\t\t#rt-tpg-container-2584892390 .layout13 .rt-holder .overlay .post-info,\n\t\t\t\t\t#rt-tpg-container-2584892390 .isotope9 .rt-holder .overlay .post-info,\n\t\t\t\t\t#rt-tpg-container-2584892390.rt-tpg-container .layout4 .rt-holder .rt-detail,\n\t\t\t\t\t.rt-modal-2584892390 .md-content,\n\t\t\t\t\t.rt-modal-2584892390 .md-content > .rt-md-content-holder .rt-md-content,\n\t\t\t\t\t.rt-popup-wrap-2584892390.rt-popup-wrap .rt-popup-navigation-wrap,\n\t\t\t\t\t#rt-tpg-container-2584892390 .carousel9 .rt-holder .overlay .post-info{background-color:#0367bf;}#rt-tpg-container-2584892390 .layout5 .rt-holder .overlay, #rt-tpg-container-2584892390 .isotope2 .rt-holder .overlay, #rt-tpg-container-2584892390 .carousel2 .rt-holder .overlay,#rt-tpg-container-2584892390 .layout15 .rt-holder h3, #rt-tpg-container-2584892390 .isotope11 .rt-holder h3, #rt-tpg-container-2584892390 .carousel11 .rt-holder h3, #rt-tpg-container-2584892390 .layout16 .rt-holder h3,\n\t\t\t\t\t#rt-tpg-container-2584892390 .isotope12 .rt-holder h3, #rt-tpg-container-2584892390 .carousel12 .rt-holder h3 {background-color:rgba(3,103,191,0.8);}#rt-tpg-container-2584892390 .pagination-list li a,\n\t\t\t\t\trt-tpg-container-2584892390 .pagination-list li span,\n\t\t\t\t\trt-tpg-container-2584892390 .pagination li a,\n\t\t\t\t\t#rt-tpg-container-2584892390 .rt-tpg-isotope-buttons button,\n\t\t\t\t\t#rt-tpg-container-2584892390 .rt-tpg-utility .rt-tpg-load-more button,\n\t\t\t\t\t#rt-tpg-container-2584892390.rt-tpg-container .swiper-navigation .slider-btn,\n\t\t\t\t\t#rt-tpg-container-2584892390.rt-tpg-container .swiper-pagination-bullet,\n\t\t\t\t\t#rt-tpg-container-2584892390 .wc1 .rt-holder .rt-img-holder .overlay .product-more ul li a,\n\t\t\t\t\t#rt-tpg-container-2584892390 .wc2 .rt-detail .rt-wc-add-to-cart,\n\t\t\t\t\t#rt-tpg-container-2584892390 .wc3 .rt-detail .rt-wc-add-to-cart,\n\t\t\t\t\t#rt-tpg-container-2584892390 .wc4 .rt-detail .rt-wc-add-to-cart,\n\t\t\t\t\t#rt-tpg-container-2584892390 .wc-carousel2 .rt-detail .rt-wc-add-to-cart,\n\t\t\t\t\t#rt-tpg-container-2584892390 .wc-isotope2 .rt-detail .rt-wc-add-to-cart,\n\t\t\t\t\t#rt-tpg-container-2584892390 .rt-layout-filter-container .rt-filter-wrap .rt-filter-item-wrap.rt-filter-dropdown-wrap .rt-filter-dropdown,\n\t\t\t\t\t#rt-tpg-container-2584892390 .rt-layout-filter-container .rt-filter-sub-tax.sub-button-group .rt-filter-button-item,\n\t\t\t\t\t#rt-tpg-container-2584892390.rt-tpg-container .rt-pagination-wrap .rt-page-numbers .paginationjs .paginationjs-pages ul li>a,\n\t\t\t\t\t#rt-tpg-container-2584892390 .rt-filter-item-wrap.rt-filter-button-wrap span.rt-filter-button-item,\n\t\t\t\t\t#rt-tpg-container-2584892390.rt-tpg-container .rt-pagination-wrap  .rt-loadmore-btn,\n\t\t\t\t\t#rt-tpg-container-2584892390.rt-tpg-container .rt-pagination-wrap .rt-cb-page-prev-next > *,\n\t\t\t\t\t#rt-tpg-container-2584892390 .rt-read-more,\n\t\t\t\t\t#rt-tooltip-2584892390, #rt-tooltip-2584892390 .rt-tooltip-bottom:after{background-color:#dd3333;}#rt-tpg-container-2584892390 .rt-filter-item-wrap.rt-filter-button-wrap span.rt-filter-button-item,\n\t\t\t\t\t#rt-tpg-container-2584892390 .rt-layout-filter-container .rt-filter-sub-tax.sub-button-group .rt-filter-button-item{border-color:#dd3333;}#rt-tpg-container-2584892390.rt-tpg-container .layout17 .rt-holder .overlay a.tpg-zoom .fa{color:#dd3333;}#rt-tpg-container-2584892390 .rt-holder .read-more a {background-color:#dd3333;padding: 8px 15px;}#rt-tpg-container-2584892390 .pagination-list li a,\n\t\t\t\t\t#rt-tpg-container-2584892390 .pagination li a,\n\t\t\t\t\t#rt-tpg-container-2584892390 .rt-tpg-isotope-buttons button,\n\t\t\t\t\t#rt-tpg-container-2584892390 .rt-holder .read-more a,\n\t\t\t\t\t#rt-tpg-container-2584892390 .rt-tpg-utility .rt-tpg-load-more button,\n\t\t\t\t\t#rt-tpg-container-2584892390.rt-tpg-container .swiper-navigation .slider-btn,\n\t\t\t\t\t#rt-tpg-container-2584892390 .wc1 .rt-holder .rt-img-holder .overlay .product-more ul li a,\n\t\t\t\t\t#rt-tpg-container-2584892390 .edd1 .rt-holder .rt-img-holder .overlay .product-more ul li a,\n\t\t\t\t\t#rt-tpg-container-2584892390 .wc2 .rt-detail .rt-wc-add-to-cart,\n\t\t\t\t\t#rt-tpg-container-2584892390 .wc3 .rt-detail .rt-wc-add-to-cart,\n\t\t\t\t\t#rt-tpg-container-2584892390 .edd2 .rt-detail .rt-wc-add-to-cart,\n\t\t\t\t\t#rt-tpg-container-2584892390 .wc4 .rt-detail .rt-wc-add-to-cart,\n\t\t\t\t\t#rt-tpg-container-2584892390 .edd3 .rt-detail .rt-wc-add-to-cart,\n\t\t\t\t\t#rt-tpg-container-2584892390 .wc-carousel2 .rt-detail .rt-wc-add-to-cart,\n\t\t\t\t\t#rt-tpg-container-2584892390 .wc-isotope2 .rt-detail .rt-wc-add-to-cart,\n\t\t\t\t\t#rt-tpg-container-2584892390 .rt-tpg-utility .rt-tpg-load-more button,\n\t\t\t\t\t#rt-tooltip-2584892390,\n\t\t\t\t\t#rt-tpg-container-2584892390 .rt-filter-item-wrap.rt-filter-button-wrap span.rt-filter-button-item,\n\t\t\t\t\t#rt-tpg-container-2584892390 .rt-layout-filter-container .rt-filter-sub-tax.sub-button-group .rt-filter-button-item,\n\t\t\t\t\t#rt-tpg-container-2584892390 .rt-layout-filter-container .rt-filter-wrap .rt-filter-item-wrap.rt-sort-order-action,\n\t\t\t\t\t#rt-tpg-container-2584892390 .rt-layout-filter-container .rt-filter-wrap .rt-filter-item-wrap.rt-filter-dropdown-wrap .rt-filter-dropdown .rt-filter-dropdown-item,\n\t\t\t\t\t#rt-tpg-container-2584892390.rt-tpg-container .rt-pagination-wrap .rt-page-numbers .paginationjs .paginationjs-pages ul li>a,\n\t\t\t\t\t#rt-tpg-container-2584892390.rt-tpg-container .rt-pagination-wrap .rt-cb-page-prev-next > *,\n\t\t\t\t\t#rt-tpg-container-2584892390.rt-tpg-container .rt-pagination-wrap  .rt-loadmore-btn,\n\t\t\t\t\t#rt-tpg-container-2584892390 .rt-read-more,\n\t\t\t\t\t#rt-tooltip-2584892390 .rt-tooltip-bottom:after{color:#ffffff;}#rt-tpg-container-2584892390 .rt-filter-item-wrap.rt-filter-button-wrap span.rt-filter-button-item:hover,\n\t\t\t\t\t#rt-tpg-container-2584892390 .rt-holder .read-more a:hover,\n\t\t\t\t\t#rt-tpg-container-2584892390.rt-tpg-container .swiper-navigation .slider-btn:hover,\n\t\t\t\t\t#rt-tpg-container-2584892390 .rt-layout-filter-container .rt-filter-sub-tax.sub-button-group .rt-filter-button-item:hover,\n\t\t\t\t\t#rt-tpg-container-2584892390 .rt-layout-filter-container .rt-filter-wrap .rt-filter-item-wrap.rt-filter-dropdown-wrap .rt-filter-dropdown .rt-filter-dropdown-item:hover,\n\t\t\t\t\t#rt-tpg-container-2584892390 .rt-layout-filter-container .rt-filter-wrap .rt-filter-item-wrap.rt-filter-dropdown-wrap .rt-filter-dropdown .rt-filter-dropdown-item.selected,\n\t\t\t\t\t#rt-tpg-container-2584892390 .rt-layout-filter-container .rt-filter-wrap .rt-filter-item-wrap.rt-sort-order-action:hover,\n\t\t\t\t\t#rt-tpg-container-2584892390.rt-tpg-container .rt-pagination-wrap .rt-page-numbers .paginationjs .paginationjs-pages ul li.active>a:hover,\n\t\t\t\t\t#rt-tpg-container-2584892390 .rt-filter-item-wrap.rt-filter-button-wrap span.rt-filter-button-item.selected,\n\t\t\t\t\t#rt-tpg-container-2584892390 .rt-layout-filter-container .rt-filter-wrap .rt-filter-item-wrap.rt-sort-order-action,\n\t\t\t\t\t#rt-tpg-container-2584892390.rt-tpg-container .rt-pagination-wrap  .rt-loadmore-btn:hover,\n\t\t\t\t\t#rt-tpg-container-2584892390 .rt-read-more:hover,\n\t\t\t\t\t#rt-tpg-container-2584892390.rt-tpg-container .rt-pagination-wrap .rt-page-numbers .paginationjs .paginationjs-pages ul li.active>a{color:#ffffff;}#rt-tpg-container-2584892390 .read-more a{border-radius:px;}#rt-tpg-container-2584892390.rt-tpg-container {background:#ffffff;}#rt-tpg-container-2584892390 .tpg-widget-heading-wrapper.heading-style1 .tpg-widget-heading, #rt-tpg-container-2584892390 .tpg-widget-heading-wrapper.heading-style1 .tpg-widget-heading a, #rt-tpg-container-2584892390 .tpg-widget-heading-wrapper.heading-style2 .tpg-widget-heading, #rt-tpg-container-2584892390 .tpg-widget-heading-wrapper.heading-style2 .tpg-widget-heading a, #rt-tpg-container-2584892390 .tpg-widget-heading-wrapper.heading-style3 .tpg-widget-heading, #rt-tpg-container-2584892390 .tpg-widget-heading-wrapper.heading-style3 .tpg-widget-heading a  {color:#ffffff;}#rt-tpg-container-2584892390 .tpg-widget-heading-wrapper.heading-style1 .tpg-widget-heading::before  {background-color:#ffffff;}#rt-tpg-container-2584892390 .rt-img-holder img.rt-img-responsive,#rt-tpg-container-2584892390 .rt-img-holder,\n\t\t\t\t\t#rt-tpg-container-2584892390 .rt-post-overlay .post-img,\n\t\t\t\t\t#rt-tpg-container-2584892390 .post-sm .post-img,\n\t\t\t\t\t#rt-tpg-container-2584892390 .rt-post-grid .post-img,\n\t\t\t\t\t#rt-tpg-container-2584892390 .post-img img {border-radius:px;}<\/style><div class='rt-container-fluid rt-tpg-container tpg-shortcode-main-wrapper ' id='rt-tpg-container-2584892390'   data-layout='layout1' data-grid-style='even' data-desktop-col='3'  data-tab-col='2'  data-mobile-col='1' data-sc-id='372'><div class=\"tpg-widget-heading-wrapper heading-style1 \"><span class=\"tpg-widget-heading-line line-left\"><\/span><h2 class=\"tpg-widget-heading\">Agenda<\/h2><span class=\"tpg-widget-heading-line\"><\/span><\/div><div data-title='Loading ...' class='rt-row rt-content-loader   layout1 tpg-even '><div class=\"rt-col-md-4 rt-col-sm-6 rt-col-xs-12 even-grid-item rt-grid-item\" data-id=\"703\"><div class=\"rt-holder\"><div class=\"rt-img-holder\"><a data-id=\"703\" class=\"\" href=\"https:\/\/www.elprovencio.com\/turismo\/2026\/04\/24\/iii-santiaguillo-medieval\/\"><img loading=\"lazy\" decoding=\"async\" width=\"1024\" height=\"1708\" src=\"https:\/\/i0.wp.com\/www.elprovencio.com\/turismo\/wp-content\/uploads\/2024\/05\/Santiaguillo-Medieval-2026.jpg?fit=1024%2C1708&amp;ssl=1\" class=\"rt-img-responsive \" alt=\"\" data-attachment-id=\"773\" data-permalink=\"https:\/\/www.elprovencio.com\/turismo\/2026\/04\/24\/iii-santiaguillo-medieval\/santiaguillo-medieval-2026\/\" data-orig-file=\"https:\/\/i0.wp.com\/www.elprovencio.com\/turismo\/wp-content\/uploads\/2024\/05\/Santiaguillo-Medieval-2026.jpg?fit=1024%2C1708&amp;ssl=1\" data-orig-size=\"1024,1708\" data-comments-opened=\"1\" data-image-meta=\"{&quot;aperture&quot;:&quot;0&quot;,&quot;credit&quot;:&quot;&quot;,&quot;camera&quot;:&quot;&quot;,&quot;caption&quot;:&quot;&quot;,&quot;created_timestamp&quot;:&quot;0&quot;,&quot;copyright&quot;:&quot;&quot;,&quot;focal_length&quot;:&quot;0&quot;,&quot;iso&quot;:&quot;0&quot;,&quot;shutter_speed&quot;:&quot;0&quot;,&quot;title&quot;:&quot;&quot;,&quot;orientation&quot;:&quot;0&quot;}\" data-image-title=\"Santiaguillo Medieval 2026\" data-image-description=\"\" data-image-caption=\"\" data-medium-file=\"https:\/\/i0.wp.com\/www.elprovencio.com\/turismo\/wp-content\/uploads\/2024\/05\/Santiaguillo-Medieval-2026.jpg?fit=180%2C300&amp;ssl=1\" data-large-file=\"https:\/\/i0.wp.com\/www.elprovencio.com\/turismo\/wp-content\/uploads\/2024\/05\/Santiaguillo-Medieval-2026.jpg?fit=614%2C1024&amp;ssl=1\" role=\"button\" \/><\/a><\/div><div class='rt-detail'><h3 class=\"entry-title\"><a data-id=\"703\" class=\"\" href=\"https:\/\/www.elprovencio.com\/turismo\/2026\/04\/24\/iii-santiaguillo-medieval\/\">V SANTIAGUILLO MEDIEVAL<\/a><\/h3><div class='post-meta-user  '><span class='date'><i class='flaticon-calendar '><\/i>24 de abril de 2026<\/span><span class='categories-links'><i class='flaticon-folder '><\/i><a class=\"evento\" href=\"https:\/\/www.elprovencio.com\/turismo\/category\/evento\/\" rel=\"tag\">Evento<\/a><\/span><\/div><div class='tpg-excerpt'>Viaja en el tiempo. Siente la historia. Saborea la experiencia. \ud83c\udf77\ud83d\udd25 Este 1 de mayo, Santiaguillo no es solo un lugar es una puerta abierta...<\/div><div class='post-meta '><span class='read-more'><a data-id='703' class='' href='https:\/\/www.elprovencio.com\/turismo\/2026\/04\/24\/iii-santiaguillo-medieval\/'>Leer m\u00e1s<\/a><\/span><\/div><\/div><\/div><\/div><div class=\"rt-col-md-4 rt-col-sm-6 rt-col-xs-12 even-grid-item rt-grid-item\" data-id=\"736\"><div class=\"rt-holder\"><div class=\"rt-img-holder\"><a data-id=\"736\" class=\"\" href=\"https:\/\/www.elprovencio.com\/turismo\/2025\/07\/26\/presentacion-de-la-portada-del-libro-de-la-feria-y-fiestas-2025\/\"><img loading=\"lazy\" decoding=\"async\" width=\"1021\" height=\"1024\" src=\"https:\/\/i0.wp.com\/www.elprovencio.com\/turismo\/wp-content\/uploads\/2025\/07\/Portada-Fiestas-2025.jpg?fit=1021%2C1024&amp;ssl=1\" class=\"rt-img-responsive \" alt=\"Portada Fiestas 2025\" data-attachment-id=\"737\" data-permalink=\"https:\/\/www.elprovencio.com\/turismo\/2025\/07\/26\/presentacion-de-la-portada-del-libro-de-la-feria-y-fiestas-2025\/portada-fiestas-2025\/\" data-orig-file=\"https:\/\/i0.wp.com\/www.elprovencio.com\/turismo\/wp-content\/uploads\/2025\/07\/Portada-Fiestas-2025.jpg?fit=1021%2C1024&amp;ssl=1\" data-orig-size=\"1021,1024\" data-comments-opened=\"1\" data-image-meta=\"{&quot;aperture&quot;:&quot;0&quot;,&quot;credit&quot;:&quot;&quot;,&quot;camera&quot;:&quot;&quot;,&quot;caption&quot;:&quot;&quot;,&quot;created_timestamp&quot;:&quot;0&quot;,&quot;copyright&quot;:&quot;&quot;,&quot;focal_length&quot;:&quot;0&quot;,&quot;iso&quot;:&quot;0&quot;,&quot;shutter_speed&quot;:&quot;0&quot;,&quot;title&quot;:&quot;&quot;,&quot;orientation&quot;:&quot;1&quot;}\" data-image-title=\"Portada Fiestas 2025\" data-image-description=\"&lt;p&gt;Portada Fiestas 2025&lt;\/p&gt;\n\" data-image-caption=\"&lt;p&gt;Portada Fiestas 2025&lt;\/p&gt;\n\" data-medium-file=\"https:\/\/i0.wp.com\/www.elprovencio.com\/turismo\/wp-content\/uploads\/2025\/07\/Portada-Fiestas-2025.jpg?fit=300%2C300&amp;ssl=1\" data-large-file=\"https:\/\/i0.wp.com\/www.elprovencio.com\/turismo\/wp-content\/uploads\/2025\/07\/Portada-Fiestas-2025.jpg?fit=1021%2C1024&amp;ssl=1\" role=\"button\" \/><\/a><\/div><div class='rt-detail'><h3 class=\"entry-title\"><a data-id=\"736\" class=\"\" href=\"https:\/\/www.elprovencio.com\/turismo\/2025\/07\/26\/presentacion-de-la-portada-del-libro-de-la-feria-y-fiestas-2025\/\">PRESENTACI\u00d3N DE LA PORTADA DEL LIBRO DE LA FERIA Y FIESTAS 2025.<\/a><\/h3><div class='post-meta-user  '><span class='date'><i class='flaticon-calendar '><\/i>26 de julio de 2025<\/span><span class='categories-links'><i class='flaticon-folder '><\/i><a class=\"fiesta\" href=\"https:\/\/www.elprovencio.com\/turismo\/category\/fiesta\/\" rel=\"tag\">Fiesta<\/a><\/span><\/div><div class='tpg-excerpt'>El Excmo. Ayuntamiento de El Provencio tiene el honor de presentarles la portada del libro de la Feria y Fiestas del presente a\u00f1o 2025, dise\u00f1ado...<\/div><div class='post-meta '><span class='read-more'><a data-id='736' class='' href='https:\/\/www.elprovencio.com\/turismo\/2025\/07\/26\/presentacion-de-la-portada-del-libro-de-la-feria-y-fiestas-2025\/'>Leer m\u00e1s<\/a><\/span><\/div><\/div><\/div><\/div><div class=\"rt-col-md-4 rt-col-sm-6 rt-col-xs-12 even-grid-item rt-grid-item\" data-id=\"529\"><div class=\"rt-holder\"><div class=\"rt-img-holder\"><a data-id=\"529\" class=\"\" href=\"https:\/\/www.elprovencio.com\/turismo\/2024\/04\/06\/gaspronomica-2\/\"><img loading=\"lazy\" decoding=\"async\" width=\"592\" height=\"1024\" src=\"https:\/\/i0.wp.com\/www.elprovencio.com\/turismo\/wp-content\/uploads\/2024\/04\/Gaspronomica2.jpg?fit=592%2C1024&amp;ssl=1\" class=\"rt-img-responsive \" alt=\"\" data-attachment-id=\"528\" data-permalink=\"https:\/\/www.elprovencio.com\/turismo\/2024\/04\/06\/ier-ttr-provenfray-canforrales-el-provencio\/gaspronomica2\/\" data-orig-file=\"https:\/\/i0.wp.com\/www.elprovencio.com\/turismo\/wp-content\/uploads\/2024\/04\/Gaspronomica2.jpg?fit=592%2C1024&amp;ssl=1\" data-orig-size=\"592,1024\" data-comments-opened=\"1\" data-image-meta=\"{&quot;aperture&quot;:&quot;0&quot;,&quot;credit&quot;:&quot;&quot;,&quot;camera&quot;:&quot;&quot;,&quot;caption&quot;:&quot;&quot;,&quot;created_timestamp&quot;:&quot;0&quot;,&quot;copyright&quot;:&quot;&quot;,&quot;focal_length&quot;:&quot;0&quot;,&quot;iso&quot;:&quot;0&quot;,&quot;shutter_speed&quot;:&quot;0&quot;,&quot;title&quot;:&quot;&quot;,&quot;orientation&quot;:&quot;0&quot;}\" data-image-title=\"Gaspronomica2\" data-image-description=\"\" data-image-caption=\"\" data-medium-file=\"https:\/\/i0.wp.com\/www.elprovencio.com\/turismo\/wp-content\/uploads\/2024\/04\/Gaspronomica2.jpg?fit=173%2C300&amp;ssl=1\" data-large-file=\"https:\/\/i0.wp.com\/www.elprovencio.com\/turismo\/wp-content\/uploads\/2024\/04\/Gaspronomica2.jpg?fit=592%2C1024&amp;ssl=1\" role=\"button\" \/><\/a><\/div><div class='rt-detail'><h3 class=\"entry-title\"><a data-id=\"529\" class=\"\" href=\"https:\/\/www.elprovencio.com\/turismo\/2024\/04\/06\/gaspronomica-2\/\">GASPRON\u00d3MICA 2<\/a><\/h3><div class='post-meta-user  '><span class='date'><i class='flaticon-calendar '><\/i>6 de abril de 2024<\/span><span class='categories-links'><i class='flaticon-folder '><\/i><a class=\"evento\" href=\"https:\/\/www.elprovencio.com\/turismo\/category\/evento\/\" rel=\"tag\">Evento<\/a><\/span><\/div><div class='tpg-excerpt'>12, 13 Y 14 DE ABRIL. GASPRON\u00d3MICA 2 &#8211; GASTRONOM\u00cdA Y VINOS DE EL PROVENCIO, PARTE FUNDAMENTAL DE NUESTRA HISTORIA Y TRADICI\u00d3N. Llevamos desde...<\/div><div class='post-meta '><span class='read-more'><a data-id='529' class='' href='https:\/\/www.elprovencio.com\/turismo\/2024\/04\/06\/gaspronomica-2\/'>Leer m\u00e1s<\/a><\/span><\/div><\/div><\/div><\/div><div class=\"rt-col-md-4 rt-col-sm-6 rt-col-xs-12 even-grid-item rt-grid-item\" data-id=\"524\"><div class=\"rt-holder\"><div class=\"rt-img-holder\"><a data-id=\"524\" class=\"\" href=\"https:\/\/www.elprovencio.com\/turismo\/2024\/04\/06\/ier-ttr-provenfray-canforrales-el-provencio\/\"><img loading=\"lazy\" decoding=\"async\" width=\"710\" height=\"1024\" src=\"https:\/\/i0.wp.com\/www.elprovencio.com\/turismo\/wp-content\/uploads\/2024\/04\/IER-TTR-PROVENFRAY.jpg?fit=710%2C1024&amp;ssl=1\" class=\"rt-img-responsive \" alt=\"\" data-attachment-id=\"525\" data-permalink=\"https:\/\/www.elprovencio.com\/turismo\/2024\/04\/06\/ier-ttr-provenfray-canforrales-el-provencio\/ier-ttr-provenfray\/\" data-orig-file=\"https:\/\/i0.wp.com\/www.elprovencio.com\/turismo\/wp-content\/uploads\/2024\/04\/IER-TTR-PROVENFRAY.jpg?fit=710%2C1024&amp;ssl=1\" data-orig-size=\"710,1024\" data-comments-opened=\"1\" data-image-meta=\"{&quot;aperture&quot;:&quot;0&quot;,&quot;credit&quot;:&quot;&quot;,&quot;camera&quot;:&quot;&quot;,&quot;caption&quot;:&quot;&quot;,&quot;created_timestamp&quot;:&quot;0&quot;,&quot;copyright&quot;:&quot;&quot;,&quot;focal_length&quot;:&quot;0&quot;,&quot;iso&quot;:&quot;0&quot;,&quot;shutter_speed&quot;:&quot;0&quot;,&quot;title&quot;:&quot;&quot;,&quot;orientation&quot;:&quot;0&quot;}\" data-image-title=\"IER-TTR-PROVENFRAY\" data-image-description=\"\" data-image-caption=\"\" data-medium-file=\"https:\/\/i0.wp.com\/www.elprovencio.com\/turismo\/wp-content\/uploads\/2024\/04\/IER-TTR-PROVENFRAY.jpg?fit=208%2C300&amp;ssl=1\" data-large-file=\"https:\/\/i0.wp.com\/www.elprovencio.com\/turismo\/wp-content\/uploads\/2024\/04\/IER-TTR-PROVENFRAY.jpg?fit=710%2C1024&amp;ssl=1\" role=\"button\" \/><\/a><\/div><div class='rt-detail'><h3 class=\"entry-title\"><a data-id=\"524\" class=\"\" href=\"https:\/\/www.elprovencio.com\/turismo\/2024\/04\/06\/ier-ttr-provenfray-canforrales-el-provencio\/\">IER TTR Provenfray Canforrales El Provencio<\/a><\/h3><div class='post-meta-user  '><span class='date'><i class='flaticon-calendar '><\/i>6 de abril de 2024<\/span><span class='categories-links'><i class='flaticon-folder '><\/i><a class=\"torneo\" href=\"https:\/\/www.elprovencio.com\/turismo\/category\/torneo\/\" rel=\"tag\">Torneo<\/a><\/span><\/div><div class='tpg-excerpt'>Ya lo anunci\u00e1bamos con anterioridad, desde hace muchos meses llevamos posicion\u00e1ndonos como un municipio en disposici\u00f3n y con recursos estructurales y...<\/div><div class='post-meta '><span class='read-more'><a data-id='524' class='' href='https:\/\/www.elprovencio.com\/turismo\/2024\/04\/06\/ier-ttr-provenfray-canforrales-el-provencio\/'>Leer m\u00e1s<\/a><\/span><\/div><\/div><\/div><\/div><div class=\"rt-col-md-4 rt-col-sm-6 rt-col-xs-12 even-grid-item rt-grid-item\" data-id=\"97\"><div class=\"rt-holder\"><div class=\"rt-img-holder\"><a data-id=\"97\" class=\"\" href=\"https:\/\/www.elprovencio.com\/turismo\/2024\/02\/19\/semana-santa-2024\/\"><img loading=\"lazy\" decoding=\"async\" width=\"620\" height=\"900\" src=\"https:\/\/i0.wp.com\/www.elprovencio.com\/turismo\/wp-content\/uploads\/2024\/02\/Semana-Santa-2024.jpg?fit=620%2C900&amp;ssl=1\" class=\"rt-img-responsive \" alt=\"Semana Santa 2024\" data-attachment-id=\"376\" data-permalink=\"https:\/\/www.elprovencio.com\/turismo\/2024\/02\/19\/semana-santa-2024\/semana-santa-2024\/\" data-orig-file=\"https:\/\/i0.wp.com\/www.elprovencio.com\/turismo\/wp-content\/uploads\/2024\/02\/Semana-Santa-2024.jpg?fit=620%2C900&amp;ssl=1\" data-orig-size=\"620,900\" data-comments-opened=\"1\" data-image-meta=\"{&quot;aperture&quot;:&quot;0&quot;,&quot;credit&quot;:&quot;&quot;,&quot;camera&quot;:&quot;&quot;,&quot;caption&quot;:&quot;&quot;,&quot;created_timestamp&quot;:&quot;0&quot;,&quot;copyright&quot;:&quot;&quot;,&quot;focal_length&quot;:&quot;0&quot;,&quot;iso&quot;:&quot;0&quot;,&quot;shutter_speed&quot;:&quot;0&quot;,&quot;title&quot;:&quot;&quot;,&quot;orientation&quot;:&quot;0&quot;}\" data-image-title=\"Semana Santa 2024\" data-image-description=\"&lt;p&gt;Semana Santa 2024&lt;\/p&gt;\n\" data-image-caption=\"&lt;p&gt;Semana Santa 2024&lt;\/p&gt;\n\" data-medium-file=\"https:\/\/i0.wp.com\/www.elprovencio.com\/turismo\/wp-content\/uploads\/2024\/02\/Semana-Santa-2024.jpg?fit=207%2C300&amp;ssl=1\" data-large-file=\"https:\/\/i0.wp.com\/www.elprovencio.com\/turismo\/wp-content\/uploads\/2024\/02\/Semana-Santa-2024.jpg?fit=620%2C900&amp;ssl=1\" role=\"button\" \/><\/a><\/div><div class='rt-detail'><h3 class=\"entry-title\"><a data-id=\"97\" class=\"\" href=\"https:\/\/www.elprovencio.com\/turismo\/2024\/02\/19\/semana-santa-2024\/\">Semana Santa 2024<\/a><\/h3><div class='post-meta-user  '><span class='date'><i class='flaticon-calendar '><\/i>19 de febrero de 2024<\/span><span class='categories-links'><i class='flaticon-folder '><\/i><a class=\"fiesta\" href=\"https:\/\/www.elprovencio.com\/turismo\/category\/fiesta\/\" rel=\"tag\">Fiesta<\/a><\/span><\/div><div class='tpg-excerpt'>Como cada a\u00f1o con motivo de la Semana Santa os dejamos el programa previsto para este a\u00f1o. &nbsp;...<\/div><div class='post-meta '><span class='read-more'><a data-id='97' class='' href='https:\/\/www.elprovencio.com\/turismo\/2024\/02\/19\/semana-santa-2024\/'>Leer m\u00e1s<\/a><\/span><\/div><\/div><\/div><\/div><\/div><\/div>\n","protected":false},"excerpt":{"rendered":"<div class=\"mh-excerpt\"><p>Planifica tu visita a El Provencio y participa en las magn\u00edficas actividades que tenemos preparadas.<\/p>\n<\/div>","protected":false},"author":1,"featured_media":0,"parent":0,"menu_order":0,"comment_status":"closed","ping_status":"closed","template":"template-full.php","meta":{"footnotes":""},"class_list":["post-119","page","type-page","status-publish","hentry"],"aioseo_notices":[],"jetpack_sharing_enabled":true,"rttpg_featured_image_url":null,"rttpg_author":{"display_name":"Triguero","author_link":"https:\/\/www.elprovencio.com\/turismo\/author\/triguero\/"},"rttpg_comment":0,"rttpg_category":"","rttpg_excerpt":"Planifica tu visita a El Provencio y participa en las magn\u00edficas actividades que tenemos preparadas.","_links":{"self":[{"href":"https:\/\/www.elprovencio.com\/turismo\/wp-json\/wp\/v2\/pages\/119","targetHints":{"allow":["GET"]}}],"collection":[{"href":"https:\/\/www.elprovencio.com\/turismo\/wp-json\/wp\/v2\/pages"}],"about":[{"href":"https:\/\/www.elprovencio.com\/turismo\/wp-json\/wp\/v2\/types\/page"}],"author":[{"embeddable":true,"href":"https:\/\/www.elprovencio.com\/turismo\/wp-json\/wp\/v2\/users\/1"}],"replies":[{"embeddable":true,"href":"https:\/\/www.elprovencio.com\/turismo\/wp-json\/wp\/v2\/comments?post=119"}],"version-history":[{"count":0,"href":"https:\/\/www.elprovencio.com\/turismo\/wp-json\/wp\/v2\/pages\/119\/revisions"}],"wp:attachment":[{"href":"https:\/\/www.elprovencio.com\/turismo\/wp-json\/wp\/v2\/media?parent=119"}],"curies":[{"name":"wp","href":"https:\/\/api.w.org\/{rel}","templated":true}]}}